{"id":68,"date":"2019-02-13T13:29:24","date_gmt":"2019-02-13T12:29:24","guid":{"rendered":"https:\/\/grafomis.rs\/en\/?page_id=68"},"modified":"2019-02-13T15:55:15","modified_gmt":"2019-02-13T14:55:15","slug":"services","status":"publish","type":"page","link":"https:\/\/grafomis.rs\/en\/services\/","title":{"rendered":"Services"},"content":{"rendered":"<div class=\"wpb-content-wrapper\"><p>[vc_row][vc_column css=&#8221;.vc_custom_1540203176180{margin-top: 200px !important;}&#8221;][shindiri_feature type=&#8221;rounded&#8221; slide_title_shadow=&#8221;yes&#8221; pagination=&#8221;no&#8221; pagination_indicator=&#8221;no&#8221; heading=&#8221;01.&#8221; title=&#8221;Graphic design&#8221; slides=&#8221;%5B%7B%22title%22%3A%22Let%20our%20experts%20deliver%20the%20best%20design%22%2C%22image%22%3A%2219%22%7D%5D&#8221; link=&#8221;url:https%3A%2F%2Fgrafomis.rs%2Fen%2Fgraphic-design%2F|title:Read%20more||&#8221;]In order to get a good final product, it is necessary to assemble a whole team of quality experts from different fields whose task will be to shape your product.[\/shindiri_feature][\/vc_column][\/vc_row][vc_row][vc_column css=&#8221;.vc_custom_1540203646688{margin-top: 200px !important;}&#8221;][shindiri_feature align_text_section=&#8221;right&#8221; type=&#8221;rounded&#8221; slide_title_shadow=&#8221;yes&#8221; pagination=&#8221;no&#8221; pagination_indicator=&#8221;no&#8221; heading=&#8221;02.&#8221; title=&#8221;Priprema za \u0160tampu&#8221; slides=&#8221;%5B%7B%22title%22%3A%22Precizna%20i%20tehni%C4%8Dki%20savr%C5%A1ena%20priprema%20za%20%C5%A1tampu%22%2C%22image%22%3A%2254%22%7D%5D&#8221; link=&#8221;url:https%3A%2F%2Fgrafomis.rs%2Fen%2Fprepress%2F|title:Read%20more||&#8221;]Pod pojmom pripreme za \u0161tampu podrazumeva se druga faza izrade graf\u010dkog proizvoda, a to su: obra\u0111ivanje slika i fotografija, takstualnih formi, unos podataka&#8230;[\/shindiri_feature][\/vc_column][\/vc_row][vc_row][vc_column css=&#8221;.vc_custom_1540203646688{margin-top: 200px !important;}&#8221;][shindiri_feature type=&#8221;rounded&#8221; slide_title_shadow=&#8221;yes&#8221; pagination=&#8221;no&#8221; pagination_indicator=&#8221;no&#8221; heading=&#8221;03.&#8221; title=&#8221;Graphic finishing&#8221; slides=&#8221;%5B%7B%22title%22%3A%22%20plasticization%2C%20foil-printing%2C%20hologram%20protection%2C%20blind%20embossing%2C%20partial%20UV%20lacquer&#8230;%22%2C%22image%22%3A%2216%22%7D%5D&#8221; link=&#8221;url:https%3A%2F%2Fgrafomis.rs%2Fen%2Fgraphic-finishing%2F|title:Read%20more||&#8221;]It represents the final product manufacturing process before the final control and delivery to the client. Thanks to the state-of-the-art technology and the complete line for machining and manual work, we are able&#8230;[\/shindiri_feature][\/vc_column][\/vc_row][vc_row][vc_column css=&#8221;.vc_custom_1540203646688{margin-top: 200px !important;}&#8221;][shindiri_feature align_text_section=&#8221;right&#8221; type=&#8221;rounded&#8221; slide_title_shadow=&#8221;yes&#8221; pagination=&#8221;no&#8221; pagination_indicator=&#8221;no&#8221; heading=&#8221;04.&#8221; title=&#8221;Offset print&#8221; slides=&#8221;%5B%7B%22title%22%3A%22Offset%20print%20up%20to%20B2%20format%20on%20all%20paper%20types%22%2C%22image%22%3A%2249%22%7D%5D&#8221; link=&#8221;url:https%3A%2F%2Fgrafomis.rs%2Fen%2Foffset-print%2F|title:Read%20more||&#8221;]It is intended for large circulation. It has a high print quality. Offset printing is the most common and covers about 85% of printed products. This type of printing is the cheapest&#8230;[\/shindiri_feature][\/vc_column][\/vc_row][vc_row][vc_column css=&#8221;.vc_custom_1540203646688{margin-top: 200px !important;}&#8221;][shindiri_feature type=&#8221;rounded&#8221; slide_title_shadow=&#8221;yes&#8221; pagination=&#8221;no&#8221; pagination_indicator=&#8221;no&#8221; heading=&#8221;05.&#8221; title=&#8221;Screen printing&#8221; slides=&#8221;%5B%7B%22title%22%3A%22ighters%2C%20pens%2C%20calendars%2C%20diaries%E2%80%A6.%22%2C%22image%22%3A%2260%22%7D%5D&#8221; link=&#8221;url:https%3A%2F%2Fgrafomis.rs%2Fen%2Fscreen-printing%2F|title:Read%20more||&#8221;]<\/p>\n<p class=\"western\">Screen printing is one of the oldest printing techniques. It is suitable for printing on all types of materials. This technique is most often used for printing: t-shirts, work clothes, PVC stickers&#8230;<\/p>\n<p>[\/shindiri_feature][\/vc_column][\/vc_row][vc_row][vc_column css=&#8221;.vc_custom_1540203646688{margin-top: 200px !important;}&#8221;][shindiri_feature align_text_section=&#8221;right&#8221; type=&#8221;rounded&#8221; slide_title_shadow=&#8221;yes&#8221; pagination=&#8221;no&#8221; pagination_indicator=&#8221;no&#8221; heading=&#8221;06.&#8221; title=&#8221;Tampon printing&#8221; slides=&#8221;%5B%7B%22title%22%3A%22Two-color%20press%20machine%20whit%20the%20possibility%20of%20printing%20up%20to%20a%20size%20of%20100&#215;100%20mm%22%2C%22image%22%3A%2266%22%7D%5D&#8221; link=&#8221;url:https%3A%2F%2Fgrafomis.rs%2Fen%2Ftampon-printing%2F|title:Read%20more||&#8221;]The need for printing on non-flat surfaces led to the advent of tampon printing. It is suitable for printing the smallest details. It is distinguished by exceptional sharpness of the print and high&#8230;[\/shindiri_feature][\/vc_column][\/vc_row][vc_row][vc_column css=&#8221;.vc_custom_1540205990135{margin-top: 200px !important;margin-bottom: 100px !important;}&#8221;][shindiri_feature type=&#8221;rounded&#8221; slide_title_shadow=&#8221;yes&#8221; pagination=&#8221;no&#8221; pagination_indicator=&#8221;no&#8221; heading=&#8221;07.&#8221; title=&#8221;Digital print&#8221; slides=&#8221;%5B%7B%22title%22%3A%22KONICA%20MINOLTA%20machines%20up%20to%20a%20size%20of%20330&#215;480%20mm%22%2C%22image%22%3A%229%22%7D%5D&#8221; link=&#8221;url:https%3A%2F%2Fgrafomis.rs%2Fen%2Fdigital-print%2F|title:Read%20more||&#8221;]This type of print is applied for small circulation and short delivery times. The advantages of digital printing are high quality, quick product development and affordable price&#8230;[\/shindiri_feature][\/vc_column][\/vc_row]<\/p>\n<\/div>","protected":false},"excerpt":{"rendered":"[vc_row][vc_column css=\".vc_custom_1540203176180{margin-top: 200px !important;}\"][shindiri_feature type=\"rounded\" slide_title_shadow=\"yes\" pagination=\"no\" pagination_indicator=\"no\" heading=\"01.\" title=\"Graphic design\" slides=\"%5B%7B%22title%22%3A%22Let%20our%20experts%20deliver%20the%20best%20design%22%2C%22image%22%3A%2219%22%7D%5D\" link=\"url:https%3A%2F%2Fgrafomis.rs%2Fen%2Fgraphic-design%2F|title:Read%20more||\"]In order to get a good final product, it is necessary to assemble a whole team of quality experts from different fields whose task will be to shape your product.[\/shindiri_feature][\/vc_column][\/vc_row][vc_row][vc_column css=\".vc_custom_1540203646688{margin-top: 200px !important;}\"][shindiri_feature align_text_section=\"right\" type=\"rounded\" slide_title_shadow=\"yes\" pagination=\"no\" pagination_indicator=\"no\" heading=\"02.\" title=\"Priprema za \u0160tampu\" slides=\"%5B%7B%22title%22%3A%22Precizna%20i%20tehni%C4%8Dki%20savr%C5%A1ena%20priprema%20za%20%C5%A1tampu%22%2C%22image%22%3A%2254%22%7D%5D\" [...]","protected":false},"author":2,"featured_media":0,"parent":0,"menu_order":0,"comment_status":"closed","ping_status":"closed","template":"","meta":{"footnotes":""},"_links":{"self":[{"href":"https:\/\/grafomis.rs\/en\/wp-json\/wp\/v2\/pages\/68"}],"collection":[{"href":"https:\/\/grafomis.rs\/en\/wp-json\/wp\/v2\/pages"}],"about":[{"href":"https:\/\/grafomis.rs\/en\/wp-json\/wp\/v2\/types\/page"}],"author":[{"embeddable":true,"href":"https:\/\/grafomis.rs\/en\/wp-json\/wp\/v2\/users\/2"}],"replies":[{"embeddable":true,"href":"https:\/\/grafomis.rs\/en\/wp-json\/wp\/v2\/comments?post=68"}],"version-history":[{"count":5,"href":"https:\/\/grafomis.rs\/en\/wp-json\/wp\/v2\/pages\/68\/revisions"}],"predecessor-version":[{"id":115,"href":"https:\/\/grafomis.rs\/en\/wp-json\/wp\/v2\/pages\/68\/revisions\/115"}],"wp:attachment":[{"href":"https:\/\/grafomis.rs\/en\/wp-json\/wp\/v2\/media?parent=68"}],"curies":[{"name":"wp","href":"https:\/\/api.w.org\/{rel}","templated":true}]}}